{"id":160,"date":"2023-08-31T11:54:54","date_gmt":"2023-08-31T09:54:54","guid":{"rendered":"https:\/\/climatisation-saint-laurent-de-mure.fr\/?page_id=160"},"modified":"2023-09-12T10:31:39","modified_gmt":"2023-09-12T08:31:39","slug":"demande-de-devis","status":"publish","type":"page","link":"https:\/\/climatisation-saint-laurent-de-mure.fr\/index.php\/demande-de-devis\/","title":{"rendered":"Demande de devis"},"content":{"rendered":"\n[et_pb_section fb_built=\u00a0\u00bb1&Prime; _builder_version=\u00a0\u00bb4.22.1&Prime; _module_preset=\u00a0\u00bbdefault\u00a0\u00bb global_colors_info=\u00a0\u00bb{}\u00a0\u00bb][et_pb_row _builder_version=\u00a0\u00bb4.22.1&Prime; _module_preset=\u00a0\u00bbdefault\u00a0\u00bb global_colors_info=\u00a0\u00bb{}\u00a0\u00bb][et_pb_column type=\u00a0\u00bb4_4&Prime; _builder_version=\u00a0\u00bb4.22.1&Prime; _module_preset=\u00a0\u00bbdefault\u00a0\u00bb global_colors_info=\u00a0\u00bb{}\u00a0\u00bb][et_pb_text _builder_version=\u00a0\u00bb4.22.1&Prime; _module_preset=\u00a0\u00bbdefault\u00a0\u00bb header_font=\u00a0\u00bbOswald|700|||||||\u00a0\u00bb header_text_align=\u00a0\u00bbcenter\u00a0\u00bb header_font_size=\u00a0\u00bb80px\u00a0\u00bb global_colors_info=\u00a0\u00bb{}\u00a0\u00bb]<h1>DEMANDE DE DEVIS<\/h1>[\/et_pb_text][\/et_pb_column][\/et_pb_row][et_pb_row _builder_version=\u00a0\u00bb4.22.1&Prime; _module_preset=\u00a0\u00bbdefault\u00a0\u00bb background_color=\u00a0\u00bb#005EAA\u00a0\u00bb border_width_top=\u00a0\u00bb47px\u00a0\u00bb border_color_top=\u00a0\u00bb#005EAA\u00a0\u00bb border_width_right=\u00a0\u00bb30px\u00a0\u00bb border_color_right=\u00a0\u00bb#005EAA\u00a0\u00bb border_width_left=\u00a0\u00bb30px\u00a0\u00bb border_color_left=\u00a0\u00bb#005EAA\u00a0\u00bb global_colors_info=\u00a0\u00bb{}\u00a0\u00bb][et_pb_column type=\u00a0\u00bb4_4&Prime; _builder_version=\u00a0\u00bb4.22.1&Prime; _module_preset=\u00a0\u00bbdefault\u00a0\u00bb global_colors_info=\u00a0\u00bb{}\u00a0\u00bb][et_pb_contact_form email=\u00a0\u00bbrchauffage@gmail.com\u00a0\u00bb _builder_version=\u00a0\u00bb4.22.1&Prime; _module_preset=\u00a0\u00bbdefault\u00a0\u00bb _unique_id=\u00a0\u00bbfda3e00b-5547-4dd1-830c-139901d03222&Prime; captcha_text_color=\u00a0\u00bb#FFFFFF\u00a0\u00bb background_color=\u00a0\u00bb#005EAA\u00a0\u00bb custom_button=\u00a0\u00bbon\u00a0\u00bb button_text_color=\u00a0\u00bb#FCCF0C\u00a0\u00bb button_font=\u00a0\u00bbOswald||||||||\u00a0\u00bb hover_enabled=\u00a0\u00bb0&Prime; border_color_all=\u00a0\u00bb#005EAA\u00a0\u00bb border_width_right=\u00a0\u00bb45px\u00a0\u00bb border_width_left=\u00a0\u00bb45px\u00a0\u00bb global_colors_info=\u00a0\u00bb{}\u00a0\u00bb sticky_enabled=\u00a0\u00bb0&Prime;][et_pb_contact_field field_id=\u00a0\u00bbName\u00a0\u00bb field_title=\u00a0\u00bbNom &#038; Pr\u00e9nom \u00a0\u00bb _builder_version=\u00a0\u00bb4.22.1&Prime; global_colors_info=\u00a0\u00bb{}\u00a0\u00bb button_text_size__hover_enabled=\u00a0\u00bboff\u00a0\u00bb button_one_text_size__hover_enabled=\u00a0\u00bboff\u00a0\u00bb button_two_text_size__hover_enabled=\u00a0\u00bboff\u00a0\u00bb button_text_color__hover_enabled=\u00a0\u00bboff\u00a0\u00bb button_one_text_color__hover_enabled=\u00a0\u00bboff\u00a0\u00bb button_two_text_color__hover_enabled=\u00a0\u00bboff\u00a0\u00bb button_border_width__hover_enabled=\u00a0\u00bboff\u00a0\u00bb button_one_border_width__hover_enabled=\u00a0\u00bboff\u00a0\u00bb button_two_border_width__hover_enabled=\u00a0\u00bboff\u00a0\u00bb button_border_color__hover_enabled=\u00a0\u00bboff\u00a0\u00bb button_one_border_color__hover_enabled=\u00a0\u00bboff\u00a0\u00bb button_two_border_color__hover_enabled=\u00a0\u00bboff\u00a0\u00bb button_border_radius__hover_enabled=\u00a0\u00bboff\u00a0\u00bb button_one_border_radius__hover_enabled=\u00a0\u00bboff\u00a0\u00bb button_two_border_radius__hover_enabled=\u00a0\u00bboff\u00a0\u00bb button_letter_spacing__hover_enabled=\u00a0\u00bboff\u00a0\u00bb button_one_letter_spacing__hover_enabled=\u00a0\u00bboff\u00a0\u00bb button_two_letter_spacing__hover_enabled=\u00a0\u00bboff\u00a0\u00bb button_bg_color__hover_enabled=\u00a0\u00bboff\u00a0\u00bb button_one_bg_color__hover_enabled=\u00a0\u00bboff\u00a0\u00bb button_two_bg_color__hover_enabled=\u00a0\u00bboff\u00a0\u00bb][\/et_pb_contact_field][et_pb_contact_field field_id=\u00a0\u00bbEmail\u00a0\u00bb field_title=\u00a0\u00bbAdresse e-mail\u00a0\u00bb field_type=\u00a0\u00bbemail\u00a0\u00bb _builder_version=\u00a0\u00bb4.16&Prime; global_colors_info=\u00a0\u00bb{}\u00a0\u00bb button_text_size__hover_enabled=\u00a0\u00bboff\u00a0\u00bb button_one_text_size__hover_enabled=\u00a0\u00bboff\u00a0\u00bb button_two_text_size__hover_enabled=\u00a0\u00bboff\u00a0\u00bb button_text_color__hover_enabled=\u00a0\u00bboff\u00a0\u00bb button_one_text_color__hover_enabled=\u00a0\u00bboff\u00a0\u00bb button_two_text_color__hover_enabled=\u00a0\u00bboff\u00a0\u00bb button_border_width__hover_enabled=\u00a0\u00bboff\u00a0\u00bb button_one_border_width__hover_enabled=\u00a0\u00bboff\u00a0\u00bb button_two_border_width__hover_enabled=\u00a0\u00bboff\u00a0\u00bb button_border_color__hover_enabled=\u00a0\u00bboff\u00a0\u00bb button_one_border_color__hover_enabled=\u00a0\u00bboff\u00a0\u00bb button_two_border_color__hover_enabled=\u00a0\u00bboff\u00a0\u00bb button_border_radius__hover_enabled=\u00a0\u00bboff\u00a0\u00bb button_one_border_radius__hover_enabled=\u00a0\u00bboff\u00a0\u00bb button_two_border_radius__hover_enabled=\u00a0\u00bboff\u00a0\u00bb button_letter_spacing__hover_enabled=\u00a0\u00bboff\u00a0\u00bb button_one_letter_spacing__hover_enabled=\u00a0\u00bboff\u00a0\u00bb button_two_letter_spacing__hover_enabled=\u00a0\u00bboff\u00a0\u00bb button_bg_color__hover_enabled=\u00a0\u00bboff\u00a0\u00bb button_one_bg_color__hover_enabled=\u00a0\u00bboff\u00a0\u00bb button_two_bg_color__hover_enabled=\u00a0\u00bboff\u00a0\u00bb][\/et_pb_contact_field][et_pb_contact_field field_id=\u00a0\u00bbAdresse_postale\u00a0\u00bb field_title=\u00a0\u00bbAdresse postale\u00a0\u00bb fullwidth_field=\u00a0\u00bbon\u00a0\u00bb _builder_version=\u00a0\u00bb4.22.1&Prime; _module_preset=\u00a0\u00bbdefault\u00a0\u00bb global_colors_info=\u00a0\u00bb{}\u00a0\u00bb][\/et_pb_contact_field][et_pb_contact_field field_id=\u00a0\u00bbT\u00e9l\u00e9phone\u00a0\u00bb field_title=\u00a0\u00bbT\u00e9l\u00e9phone\u00a0\u00bb allowed_symbols=\u00a0\u00bbnumbers\u00a0\u00bb fullwidth_field=\u00a0\u00bbon\u00a0\u00bb _builder_version=\u00a0\u00bb4.22.1&Prime; _module_preset=\u00a0\u00bbdefault\u00a0\u00bb global_colors_info=\u00a0\u00bb{}\u00a0\u00bb][\/et_pb_contact_field][et_pb_contact_field field_id=\u00a0\u00bbMessage\u00a0\u00bb field_title=\u00a0\u00bbQuelles sont vos envies ? Dites nous tout !\u00a0\u00bb field_type=\u00a0\u00bbtext\u00a0\u00bb fullwidth_field=\u00a0\u00bbon\u00a0\u00bb _builder_version=\u00a0\u00bb4.22.1&Prime; global_colors_info=\u00a0\u00bb{}\u00a0\u00bb button_text_size__hover_enabled=\u00a0\u00bboff\u00a0\u00bb button_one_text_size__hover_enabled=\u00a0\u00bboff\u00a0\u00bb button_two_text_size__hover_enabled=\u00a0\u00bboff\u00a0\u00bb button_text_color__hover_enabled=\u00a0\u00bboff\u00a0\u00bb button_one_text_color__hover_enabled=\u00a0\u00bboff\u00a0\u00bb button_two_text_color__hover_enabled=\u00a0\u00bboff\u00a0\u00bb button_border_width__hover_enabled=\u00a0\u00bboff\u00a0\u00bb button_one_border_width__hover_enabled=\u00a0\u00bboff\u00a0\u00bb button_two_border_width__hover_enabled=\u00a0\u00bboff\u00a0\u00bb button_border_color__hover_enabled=\u00a0\u00bboff\u00a0\u00bb button_one_border_color__hover_enabled=\u00a0\u00bboff\u00a0\u00bb button_two_border_color__hover_enabled=\u00a0\u00bboff\u00a0\u00bb button_border_radius__hover_enabled=\u00a0\u00bboff\u00a0\u00bb button_one_border_radius__hover_enabled=\u00a0\u00bboff\u00a0\u00bb button_two_border_radius__hover_enabled=\u00a0\u00bboff\u00a0\u00bb button_letter_spacing__hover_enabled=\u00a0\u00bboff\u00a0\u00bb button_one_letter_spacing__hover_enabled=\u00a0\u00bboff\u00a0\u00bb button_two_letter_spacing__hover_enabled=\u00a0\u00bboff\u00a0\u00bb button_bg_color__hover_enabled=\u00a0\u00bboff\u00a0\u00bb button_one_bg_color__hover_enabled=\u00a0\u00bboff\u00a0\u00bb button_two_bg_color__hover_enabled=\u00a0\u00bboff\u00a0\u00bb][\/et_pb_contact_field][\/et_pb_contact_form][\/et_pb_column][\/et_pb_row][\/et_pb_section]\n","protected":false},"excerpt":{"rendered":"<p>DEMANDE DE DEVIS<\/p>\n","protected":false},"author":1,"featured_media":0,"parent":0,"menu_order":0,"comment_status":"closed","ping_status":"closed","template":"","meta":{"_et_pb_use_builder":"on","_et_pb_old_content":"","_et_gb_content_width":"","footnotes":""},"class_list":["post-160","page","type-page","status-publish","hentry"],"yoast_head":"<!-- This site is optimized with the Yoast SEO plugin v21.9.1 - https:\/\/yoast.com\/wordpress\/plugins\/seo\/ -->\n<title>Demande de devis - Climatisation Saint-Laurent-de-M\u00fbre<\/title>\n<meta name=\"description\" content=\"R\u00e9alisez une demande de devis gratuite sur notre site pour la r\u00e9alisation de vos projets ! Plombier chauffagiste certifi\u00e9 RGE depuis 2009.\" \/>\n<meta name=\"robots\" content=\"index, follow, max-snippet:-1, max-image-preview:large, max-video-preview:-1\" \/>\n<link rel=\"canonical\" href=\"https:\/\/climatisation-saint-laurent-de-mure.fr\/index.php\/demande-de-devis\/\" \/>\n<meta property=\"og:locale\" content=\"fr_FR\" \/>\n<meta property=\"og:type\" content=\"article\" \/>\n<meta property=\"og:title\" content=\"Demande de devis - Climatisation Saint-Laurent-de-M\u00fbre\" \/>\n<meta property=\"og:description\" content=\"R\u00e9alisez une demande de devis gratuite sur notre site pour la r\u00e9alisation de vos projets ! Plombier chauffagiste certifi\u00e9 RGE depuis 2009.\" \/>\n<meta property=\"og:url\" content=\"https:\/\/climatisation-saint-laurent-de-mure.fr\/index.php\/demande-de-devis\/\" \/>\n<meta property=\"og:site_name\" content=\"Climatisation Saint-Laurent-de-M\u00fbre\" \/>\n<meta property=\"article:modified_time\" content=\"2023-09-12T08:31:39+00:00\" \/>\n<meta name=\"twitter:card\" content=\"summary_large_image\" \/>\n<meta name=\"twitter:label1\" content=\"Dur\u00e9e de lecture estim\u00e9e\" \/>\n\t<meta name=\"twitter:data1\" content=\"1 minute\" \/>\n<script type=\"application\/ld+json\" class=\"yoast-schema-graph\">{\"@context\":\"https:\/\/schema.org\",\"@graph\":[{\"@type\":\"WebPage\",\"@id\":\"https:\/\/climatisation-saint-laurent-de-mure.fr\/index.php\/demande-de-devis\/\",\"url\":\"https:\/\/climatisation-saint-laurent-de-mure.fr\/index.php\/demande-de-devis\/\",\"name\":\"Demande de devis - Climatisation Saint-Laurent-de-M\u00fbre\",\"isPartOf\":{\"@id\":\"https:\/\/climatisation-saint-laurent-de-mure.fr\/#website\"},\"datePublished\":\"2023-08-31T09:54:54+00:00\",\"dateModified\":\"2023-09-12T08:31:39+00:00\",\"description\":\"R\u00e9alisez une demande de devis gratuite sur notre site pour la r\u00e9alisation de vos projets ! Plombier chauffagiste certifi\u00e9 RGE depuis 2009.\",\"breadcrumb\":{\"@id\":\"https:\/\/climatisation-saint-laurent-de-mure.fr\/index.php\/demande-de-devis\/#breadcrumb\"},\"inLanguage\":\"fr-FR\",\"potentialAction\":[{\"@type\":\"ReadAction\",\"target\":[\"https:\/\/climatisation-saint-laurent-de-mure.fr\/index.php\/demande-de-devis\/\"]}]},{\"@type\":\"BreadcrumbList\",\"@id\":\"https:\/\/climatisation-saint-laurent-de-mure.fr\/index.php\/demande-de-devis\/#breadcrumb\",\"itemListElement\":[{\"@type\":\"ListItem\",\"position\":1,\"name\":\"Accueil\",\"item\":\"https:\/\/climatisation-saint-laurent-de-mure.fr\/\"},{\"@type\":\"ListItem\",\"position\":2,\"name\":\"Demande de devis\"}]},{\"@type\":\"WebSite\",\"@id\":\"https:\/\/climatisation-saint-laurent-de-mure.fr\/#website\",\"url\":\"https:\/\/climatisation-saint-laurent-de-mure.fr\/\",\"name\":\"Climatisation Saint-Laurent-de-M\u00fbre\",\"description\":\"Le site d\u00e9di\u00e9 \u00e0 la climatisation\",\"potentialAction\":[{\"@type\":\"SearchAction\",\"target\":{\"@type\":\"EntryPoint\",\"urlTemplate\":\"https:\/\/climatisation-saint-laurent-de-mure.fr\/?s={search_term_string}\"},\"query-input\":\"required name=search_term_string\"}],\"inLanguage\":\"fr-FR\"}]}<\/script>\n<!-- \/ Yoast SEO plugin. -->","yoast_head_json":{"title":"Demande de devis - Climatisation Saint-Laurent-de-M\u00fbre","description":"R\u00e9alisez une demande de devis gratuite sur notre site pour la r\u00e9alisation de vos projets ! Plombier chauffagiste certifi\u00e9 RGE depuis 2009.","robots":{"index":"index","follow":"follow","max-snippet":"max-snippet:-1","max-image-preview":"max-image-preview:large","max-video-preview":"max-video-preview:-1"},"canonical":"https:\/\/climatisation-saint-laurent-de-mure.fr\/index.php\/demande-de-devis\/","og_locale":"fr_FR","og_type":"article","og_title":"Demande de devis - Climatisation Saint-Laurent-de-M\u00fbre","og_description":"R\u00e9alisez une demande de devis gratuite sur notre site pour la r\u00e9alisation de vos projets ! Plombier chauffagiste certifi\u00e9 RGE depuis 2009.","og_url":"https:\/\/climatisation-saint-laurent-de-mure.fr\/index.php\/demande-de-devis\/","og_site_name":"Climatisation Saint-Laurent-de-M\u00fbre","article_modified_time":"2023-09-12T08:31:39+00:00","twitter_card":"summary_large_image","twitter_misc":{"Dur\u00e9e de lecture estim\u00e9e":"1 minute"},"schema":{"@context":"https:\/\/schema.org","@graph":[{"@type":"WebPage","@id":"https:\/\/climatisation-saint-laurent-de-mure.fr\/index.php\/demande-de-devis\/","url":"https:\/\/climatisation-saint-laurent-de-mure.fr\/index.php\/demande-de-devis\/","name":"Demande de devis - Climatisation Saint-Laurent-de-M\u00fbre","isPartOf":{"@id":"https:\/\/climatisation-saint-laurent-de-mure.fr\/#website"},"datePublished":"2023-08-31T09:54:54+00:00","dateModified":"2023-09-12T08:31:39+00:00","description":"R\u00e9alisez une demande de devis gratuite sur notre site pour la r\u00e9alisation de vos projets ! Plombier chauffagiste certifi\u00e9 RGE depuis 2009.","breadcrumb":{"@id":"https:\/\/climatisation-saint-laurent-de-mure.fr\/index.php\/demande-de-devis\/#breadcrumb"},"inLanguage":"fr-FR","potentialAction":[{"@type":"ReadAction","target":["https:\/\/climatisation-saint-laurent-de-mure.fr\/index.php\/demande-de-devis\/"]}]},{"@type":"BreadcrumbList","@id":"https:\/\/climatisation-saint-laurent-de-mure.fr\/index.php\/demande-de-devis\/#breadcrumb","itemListElement":[{"@type":"ListItem","position":1,"name":"Accueil","item":"https:\/\/climatisation-saint-laurent-de-mure.fr\/"},{"@type":"ListItem","position":2,"name":"Demande de devis"}]},{"@type":"WebSite","@id":"https:\/\/climatisation-saint-laurent-de-mure.fr\/#website","url":"https:\/\/climatisation-saint-laurent-de-mure.fr\/","name":"Climatisation Saint-Laurent-de-M\u00fbre","description":"Le site d\u00e9di\u00e9 \u00e0 la climatisation","potentialAction":[{"@type":"SearchAction","target":{"@type":"EntryPoint","urlTemplate":"https:\/\/climatisation-saint-laurent-de-mure.fr\/?s={search_term_string}"},"query-input":"required name=search_term_string"}],"inLanguage":"fr-FR"}]}},"_links":{"self":[{"href":"https:\/\/climatisation-saint-laurent-de-mure.fr\/index.php\/wp-json\/wp\/v2\/pages\/160","targetHints":{"allow":["GET"]}}],"collection":[{"href":"https:\/\/climatisation-saint-laurent-de-mure.fr\/index.php\/wp-json\/wp\/v2\/pages"}],"about":[{"href":"https:\/\/climatisation-saint-laurent-de-mure.fr\/index.php\/wp-json\/wp\/v2\/types\/page"}],"author":[{"embeddable":true,"href":"https:\/\/climatisation-saint-laurent-de-mure.fr\/index.php\/wp-json\/wp\/v2\/users\/1"}],"replies":[{"embeddable":true,"href":"https:\/\/climatisation-saint-laurent-de-mure.fr\/index.php\/wp-json\/wp\/v2\/comments?post=160"}],"version-history":[{"count":4,"href":"https:\/\/climatisation-saint-laurent-de-mure.fr\/index.php\/wp-json\/wp\/v2\/pages\/160\/revisions"}],"predecessor-version":[{"id":201,"href":"https:\/\/climatisation-saint-laurent-de-mure.fr\/index.php\/wp-json\/wp\/v2\/pages\/160\/revisions\/201"}],"wp:attachment":[{"href":"https:\/\/climatisation-saint-laurent-de-mure.fr\/index.php\/wp-json\/wp\/v2\/media?parent=160"}],"curies":[{"name":"wp","href":"https:\/\/api.w.org\/{rel}","templated":true}]}}